{"id":794,"date":"2026-02-09T00:24:24","date_gmt":"2026-02-08T23:24:24","guid":{"rendered":"https:\/\/saludbiologica.com\/?page_id=794"},"modified":"2026-04-08T11:25:49","modified_gmt":"2026-04-08T09:25:49","slug":"modalidades","status":"publish","type":"page","link":"https:\/\/saludbiologica.com\/?page_id=794","title":{"rendered":"Modalidades"},"content":{"rendered":"\t\t<div data-elementor-type=\"wp-page\" data-elementor-id=\"794\" class=\"elementor elementor-794\">\n\t\t\t\t<div class=\"elementor-element elementor-element-444475c1 e-flex e-con-boxed e-con e-parent\" data-id=\"444475c1\" data-element_type=\"container\" data-e-type=\"container\" data-settings=\"{&quot;jet_parallax_layout_list&quot;:[]}\">\n\t\t\t\t\t<div class=\"e-con-inner\">\n\t\t\t\t<div class=\"elementor-element elementor-element-5e0645af elementor-widget elementor-widget-spacer\" data-id=\"5e0645af\" data-element_type=\"widget\" data-e-type=\"widget\" data-widget_type=\"spacer.default\">\n\t\t\t\t<div class=\"elementor-widget-container\">\n\t\t\t\t\t\t\t<div class=\"elementor-spacer\">\n\t\t\t<div class=\"elementor-spacer-inner\"><\/div>\n\t\t<\/div>\n\t\t\t\t\t\t<\/div>\n\t\t\t\t<\/div>\n\t\t\t\t<div class=\"elementor-element elementor-element-decd259 elementor-widget elementor-widget-image\" data-id=\"decd259\" data-element_type=\"widget\" data-e-type=\"widget\" data-widget_type=\"image.default\">\n\t\t\t\t<div class=\"elementor-widget-container\">\n\t\t\t\t\t\t\t\t\t\t\t\t\t\t\t<img fetchpriority=\"high\" decoding=\"async\" width=\"300\" height=\"300\" src=\"https:\/\/saludbiologica.com\/wp-content\/uploads\/2025\/08\/RobertoGG-300x300.png\" class=\"attachment-medium size-medium wp-image-599\" alt=\"\" srcset=\"https:\/\/saludbiologica.com\/wp-content\/uploads\/2025\/08\/RobertoGG-300x300.png 300w, https:\/\/saludbiologica.com\/wp-content\/uploads\/2025\/08\/RobertoGG-150x150.png 150w, https:\/\/saludbiologica.com\/wp-content\/uploads\/2025\/08\/RobertoGG.png 500w\" sizes=\"(max-width: 300px) 100vw, 300px\" \/>\t\t\t\t\t\t\t\t\t\t\t\t\t\t\t<\/div>\n\t\t\t\t<\/div>\n\t\t\t\t<div class=\"elementor-element elementor-element-4a3223a7 elementor-align-center elementor-widget elementor-widget-raven-heading\" data-id=\"4a3223a7\" data-element_type=\"widget\" data-e-type=\"widget\" data-widget_type=\"raven-heading.default\">\n\t\t\t\t<div class=\"elementor-widget-container\">\n\t\t\t\t\t\t\t<div class=\"raven-widget-wrapper\"><p class=\"raven-heading raven-heading-p\"><span class=\"raven-heading-title \">Tienes 3 modalidades de acceso<\/span><\/p><\/div>\n\t\t\t\t\t\t<\/div>\n\t\t\t\t<\/div>\n\t\t\t\t<div class=\"elementor-element elementor-element-6935ea64 elementor-widget elementor-widget-spacer\" data-id=\"6935ea64\" data-element_type=\"widget\" data-e-type=\"widget\" data-widget_type=\"spacer.default\">\n\t\t\t\t<div class=\"elementor-widget-container\">\n\t\t\t\t\t\t\t<div class=\"elementor-spacer\">\n\t\t\t<div class=\"elementor-spacer-inner\"><\/div>\n\t\t<\/div>\n\t\t\t\t\t\t<\/div>\n\t\t\t\t<\/div>\n\t\t\t\t<div class=\"elementor-element elementor-element-3dbd40ef elementor-widget__width-initial elementor-widget elementor-widget-text-editor\" data-id=\"3dbd40ef\" data-element_type=\"widget\" data-e-type=\"widget\" data-widget_type=\"text-editor.default\">\n\t\t\t\t<div class=\"elementor-widget-container\">\n\t\t\t\t\t\t\t\t\t<h4 data-start=\"198\" data-end=\"231\">Basic \u2013 Aprende a tu ritmo<\/h4><p data-start=\"251\" data-end=\"472\">Accede sin coste a la Comunidad. Podr\u00e1s adquirir cada bloque formativo individualmente, a tu ritmo y en el orden que desees.<br data-start=\"403\" data-end=\"406\" \/>Ideal si eres autodidacta y prefieres avanzar a tu propio ritmo.<\/p><p data-start=\"474\" data-end=\"491\">\ud83d\udce6 <strong data-start=\"477\" data-end=\"489\">Incluye:<\/strong><\/p><p data-start=\"494\" data-end=\"548\">&#8211; Acceso a la Comunidad de Salud Biol\u00f3gica.<\/p><p data-start=\"551\" data-end=\"590\">&#8211; Participaci\u00f3n en los directos de preguntas y respuestas.<\/p><p data-start=\"593\" data-end=\"680\">&#8211; Soporte a trav\u00e9s de la comunidad.<\/p><p data-start=\"683\" data-end=\"828\">&#8211; Posibilidad de participar en los presenciales si se ha completado un m\u00ednimo curricular.<\/p><p data-start=\"830\" data-end=\"910\">\ud83d\udc49 <em data-start=\"833\" data-end=\"908\">Perfecto para quienes buscan explorar y formarse de manera independiente.<\/em><\/p>\t\t\t\t\t\t\t\t<\/div>\n\t\t\t\t<\/div>\n\t\t\t\t<div class=\"elementor-element elementor-element-75c6ddfe elementor-widget-divider--view-line elementor-widget elementor-widget-divider\" data-id=\"75c6ddfe\" data-element_type=\"widget\" data-e-type=\"widget\" data-widget_type=\"divider.default\">\n\t\t\t\t<div class=\"elementor-widget-container\">\n\t\t\t\t\t\t\t<div class=\"elementor-divider\">\n\t\t\t<span class=\"elementor-divider-separator\">\n\t\t\t\t\t\t<\/span>\n\t\t<\/div>\n\t\t\t\t\t\t<\/div>\n\t\t\t\t<\/div>\n\t\t\t\t<div class=\"elementor-element elementor-element-724aadb5 elementor-widget elementor-widget-spacer\" data-id=\"724aadb5\" data-element_type=\"widget\" data-e-type=\"widget\" data-widget_type=\"spacer.default\">\n\t\t\t\t<div class=\"elementor-widget-container\">\n\t\t\t\t\t\t\t<div class=\"elementor-spacer\">\n\t\t\t<div class=\"elementor-spacer-inner\"><\/div>\n\t\t<\/div>\n\t\t\t\t\t\t<\/div>\n\t\t\t\t<\/div>\n\t\t\t\t<div class=\"elementor-element elementor-element-7256953e elementor-widget__width-initial elementor-widget elementor-widget-text-editor\" data-id=\"7256953e\" data-element_type=\"widget\" data-e-type=\"widget\" data-widget_type=\"text-editor.default\">\n\t\t\t\t<div class=\"elementor-widget-container\">\n\t\t\t\t\t\t\t\t\t<h4 data-start=\"917\" data-end=\"959\">Pro \u2013 Profundiza con acompa\u00f1amiento y Certif\u00edcate<\/h4><p data-start=\"960\" data-end=\"978\">Pago mensual: <strong>175 $\/mes*<\/strong><\/p><p data-start=\"960\" data-end=\"978\">*Tiempo m\u00ednimo para cumplir con carga lectiva curricular: 20 meses + trabajo final.<\/p><p data-start=\"980\" data-end=\"1242\">Si quieres aplicar la Salud Biol\u00f3gica en tu consulta con seguridad y resultados, este es el nivel recomendado. Adem\u00e1s de acceder a todos los contenidos, contar\u00e1s con sesiones en vivo y mentor\u00eda grupal que har\u00e1n de tu aprendizaje un recorrido guiado y pr\u00e1ctico.<\/p><p data-start=\"1244\" data-end=\"1284\"><img decoding=\"async\" class=\"\" role=\"img\" draggable=\"false\" src=\"https:\/\/s.w.org\/images\/core\/emoji\/17.0.2\/svg\/1f4e6.svg\" alt=\"\ud83d\udce6\" width=\"26\" height=\"26\" \/> <strong data-start=\"1247\" data-end=\"1282\">Incluye todo lo del Basic, m\u00e1s:<\/strong><\/p><p data-start=\"1287\" data-end=\"1379\">&#8211; Acceso al <strong data-start=\"1297\" data-end=\"1340\">Grupo de Estudio y Aplicaci\u00f3n Biol\u00f3gica<\/strong>, con reuniones mensuales en directo.<\/p><p>&#8211; Revisi\u00f3n de casos cl\u00ednicos y mentor\u00eda grupal con Roberto.<\/p><p>&#8211; 2 Tutor\u00edas b\u00e1sicas 1:1 con Roberto al a\u00f1o.<\/p><p data-start=\"1444\" data-end=\"1489\">&#8211; Soporte prioritario dentro de la comunidad.<\/p><p data-start=\"1492\" data-end=\"1566\">&#8211; Proceso de Certificaci\u00f3n incluido (al completar tu trabajo de investigaci\u00f3n final).<\/p><p data-start=\"1568\" data-end=\"1670\">\u00a0<em data-start=\"1571\" data-end=\"1668\">El camino ideal para profesionales que desean aplicar la Salud Biol\u00f3gica en su pr\u00e1ctica diaria.<\/em><\/p><p data-start=\"1568\" data-end=\"1670\"><strong>*Los seminarios presenciales no est\u00e1n incluidos en el precio<\/strong><\/p>\t\t\t\t\t\t\t\t<\/div>\n\t\t\t\t<\/div>\n\t\t\t\t<div class=\"elementor-element elementor-element-3a0155ab elementor-widget-divider--view-line elementor-widget elementor-widget-divider\" data-id=\"3a0155ab\" data-element_type=\"widget\" data-e-type=\"widget\" data-widget_type=\"divider.default\">\n\t\t\t\t<div class=\"elementor-widget-container\">\n\t\t\t\t\t\t\t<div class=\"elementor-divider\">\n\t\t\t<span class=\"elementor-divider-separator\">\n\t\t\t\t\t\t<\/span>\n\t\t<\/div>\n\t\t\t\t\t\t<\/div>\n\t\t\t\t<\/div>\n\t\t\t\t<div class=\"elementor-element elementor-element-75ede494 elementor-widget elementor-widget-spacer\" data-id=\"75ede494\" data-element_type=\"widget\" data-e-type=\"widget\" data-widget_type=\"spacer.default\">\n\t\t\t\t<div class=\"elementor-widget-container\">\n\t\t\t\t\t\t\t<div class=\"elementor-spacer\">\n\t\t\t<div class=\"elementor-spacer-inner\"><\/div>\n\t\t<\/div>\n\t\t\t\t\t\t<\/div>\n\t\t\t\t<\/div>\n\t\t\t\t<div class=\"elementor-element elementor-element-689b2ae3 elementor-widget__width-initial elementor-widget elementor-widget-text-editor\" data-id=\"689b2ae3\" data-element_type=\"widget\" data-e-type=\"widget\" data-widget_type=\"text-editor.default\">\n\t\t\t\t<div class=\"elementor-widget-container\">\n\t\t\t\t\t\t\t\t\t<h4 data-start=\"1677\" data-end=\"1729\">Prime \u2013 Transformaci\u00f3n personal y profesional<\/h4><p data-start=\"1730\" data-end=\"1748\">\ud83d\udcb0 Pago mensual: <strong>250 $\/mes*<\/strong><\/p><p data-start=\"1730\" data-end=\"1748\">*Tiempo m\u00ednimo para cumplir con carga lectiva curricular: 20 meses + trabajo final.<\/p><p data-start=\"1750\" data-end=\"2017\">Para quienes buscan ir m\u00e1s all\u00e1 de la formaci\u00f3n y vivir una aut\u00e9ntica transformaci\u00f3n. En este nivel trabajar\u00e1s directamente con Roberto en tutor\u00edas individuales, donde supervisar\u00e1s tus propios casos cl\u00ednicos y realizar\u00e1s un proceso de crecimiento personal profundo.<\/p><p data-start=\"2019\" data-end=\"2057\">\ud83d\udce6 <strong data-start=\"2022\" data-end=\"2055\">Incluye todo lo del Pro, m\u00e1s:<\/strong><\/p><p data-start=\"2060\" data-end=\"2100\"><strong data-start=\"2060\" data-end=\"2097\">&#8211; Tutor\u00edas prime con Roberto (1 al mes)<\/strong>.<\/p><p data-start=\"2103\" data-end=\"2153\">&#8211; Supervisi\u00f3n personalizada de tus casos cl\u00ednicos.<\/p><p data-start=\"2156\" data-end=\"2262\">&#8211; Un proceso de transformaci\u00f3n propio, dise\u00f1ado para que puedas acompa\u00f1ar incluso los casos m\u00e1s complejos.<\/p><p data-start=\"2264\" data-end=\"2409\">\ud83d\udc49 <em data-start=\"2267\" data-end=\"2407\">La opci\u00f3n premium para convertirte en un referente en Salud Biol\u00f3gica y lograr un cambio profundo en tu vida y en tu pr\u00e1ctica profesional.<\/em><\/p><p data-start=\"2264\" data-end=\"2409\"><strong>*Los seminarios presenciales no est\u00e1n incluidos en el precio<\/strong><\/p>\t\t\t\t\t\t\t\t<\/div>\n\t\t\t\t<\/div>\n\t\t\t\t<div class=\"elementor-element elementor-element-4a6730de elementor-widget elementor-widget-spacer\" data-id=\"4a6730de\" data-element_type=\"widget\" data-e-type=\"widget\" data-widget_type=\"spacer.default\">\n\t\t\t\t<div class=\"elementor-widget-container\">\n\t\t\t\t\t\t\t<div class=\"elementor-spacer\">\n\t\t\t<div class=\"elementor-spacer-inner\"><\/div>\n\t\t<\/div>\n\t\t\t\t\t\t<\/div>\n\t\t\t\t<\/div>\n\t\t\t\t\t<\/div>\n\t\t\t\t<\/div>\n\t\t\t\t<section class=\"elementor-section elementor-top-section elementor-element elementor-element-3292c6d6 elementor-section-full_width elementor-section-height-min-height elementor-section-items-stretch elementor-section-height-default\" data-id=\"3292c6d6\" data-element_type=\"section\" data-e-type=\"section\" data-settings=\"{&quot;jet_parallax_layout_list&quot;:[{&quot;jet_parallax_layout_image&quot;:{&quot;url&quot;:&quot;&quot;,&quot;id&quot;:&quot;&quot;,&quot;size&quot;:&quot;&quot;},&quot;_id&quot;:&quot;af360e6&quot;,&quot;jet_parallax_layout_image_tablet&quot;:{&quot;url&quot;:&quot;&quot;,&quot;id&quot;:&quot;&quot;,&quot;size&quot;:&quot;&quot;},&quot;jet_parallax_layout_image_mobile&quot;:{&quot;url&quot;:&quot;&quot;,&quot;id&quot;:&quot;&quot;,&quot;size&quot;:&quot;&quot;},&quot;jet_parallax_layout_speed&quot;:{&quot;unit&quot;:&quot;%&quot;,&quot;size&quot;:&quot;50&quot;,&quot;sizes&quot;:[]},&quot;jet_parallax_layout_bg_x&quot;:&quot;50&quot;,&quot;jet_parallax_layout_bg_y&quot;:&quot;50&quot;,&quot;jet_parallax_layout_type&quot;:&quot;scroll&quot;,&quot;jet_parallax_layout_direction&quot;:&quot;1&quot;,&quot;jet_parallax_layout_fx_direction&quot;:null,&quot;jet_parallax_layout_z_index&quot;:&quot;&quot;,&quot;jet_parallax_layout_bg_x_tablet&quot;:&quot;&quot;,&quot;jet_parallax_layout_bg_x_mobile&quot;:&quot;&quot;,&quot;jet_parallax_layout_bg_y_tablet&quot;:&quot;&quot;,&quot;jet_parallax_layout_bg_y_mobile&quot;:&quot;&quot;,&quot;jet_parallax_layout_bg_size&quot;:&quot;auto&quot;,&quot;jet_parallax_layout_bg_size_tablet&quot;:&quot;&quot;,&quot;jet_parallax_layout_bg_size_mobile&quot;:&quot;&quot;,&quot;jet_parallax_layout_animation_prop&quot;:&quot;transform&quot;,&quot;jet_parallax_layout_on&quot;:[&quot;desktop&quot;,&quot;tablet&quot;]}]}\">\n\t\t\t\t\t\t<div class=\"elementor-container elementor-column-gap-default\">\n\t\t\t\t\t<div class=\"elementor-column elementor-col-50 elementor-top-column elementor-element elementor-element-14d14e71\" data-id=\"14d14e71\" data-element_type=\"column\" data-e-type=\"column\" data-settings=\"{&quot;background_background&quot;:&quot;classic&quot;}\">\n\t\t\t<div class=\"elementor-widget-wrap elementor-element-populated\">\n\t\t\t\t\t\t<div class=\"elementor-element elementor-element-e93c425 elementor-widget elementor-widget-image\" data-id=\"e93c425\" data-element_type=\"widget\" data-e-type=\"widget\" data-widget_type=\"image.default\">\n\t\t\t\t<div class=\"elementor-widget-container\">\n\t\t\t\t\t\t\t\t\t\t\t\t\t\t\t<img decoding=\"async\" width=\"1640\" height=\"924\" src=\"https:\/\/saludbiologica.com\/wp-content\/uploads\/2025\/08\/paradigmabio-1.png\" class=\"attachment-full size-full wp-image-634\" alt=\"\" srcset=\"https:\/\/saludbiologica.com\/wp-content\/uploads\/2025\/08\/paradigmabio-1.png 1640w, https:\/\/saludbiologica.com\/wp-content\/uploads\/2025\/08\/paradigmabio-1-300x169.png 300w, https:\/\/saludbiologica.com\/wp-content\/uploads\/2025\/08\/paradigmabio-1-1024x577.png 1024w, https:\/\/saludbiologica.com\/wp-content\/uploads\/2025\/08\/paradigmabio-1-768x433.png 768w, https:\/\/saludbiologica.com\/wp-content\/uploads\/2025\/08\/paradigmabio-1-1536x865.png 1536w\" sizes=\"(max-width: 1640px) 100vw, 1640px\" \/>\t\t\t\t\t\t\t\t\t\t\t\t\t\t\t<\/div>\n\t\t\t\t<\/div>\n\t\t\t\t<div class=\"elementor-element elementor-element-3e254da elementor-widget__width-initial elementor-widget elementor-widget-text-editor\" data-id=\"3e254da\" data-element_type=\"widget\" data-e-type=\"widget\" data-widget_type=\"text-editor.default\">\n\t\t\t\t<div class=\"elementor-widget-container\">\n\t\t\t\t\t\t\t\t\t<p style=\"text-align: center;\"><strong>Accede sin coste a la comunidad donde compartimos contenido para todos de forma frecuente y puedes realizar sin coste el primer m\u00f3dulo introductorio de contenido<\/strong><\/p>\t\t\t\t\t\t\t\t<\/div>\n\t\t\t\t<\/div>\n\t\t\t\t\t<\/div>\n\t\t<\/div>\n\t\t\t\t<div class=\"elementor-column elementor-col-50 elementor-top-column elementor-element elementor-element-1a2829f8\" data-id=\"1a2829f8\" data-element_type=\"column\" data-e-type=\"column\" data-settings=\"{&quot;background_background&quot;:&quot;classic&quot;}\">\n\t\t\t<div class=\"elementor-widget-wrap elementor-element-populated\">\n\t\t\t\t\t\t<div class=\"elementor-element elementor-element-3c0bf47d elementor-align-center elementor-widget elementor-widget-raven-heading\" data-id=\"3c0bf47d\" data-element_type=\"widget\" data-e-type=\"widget\" data-widget_type=\"raven-heading.default\">\n\t\t\t\t<div class=\"elementor-widget-container\">\n\t\t\t\t\t\t\t<div class=\"raven-widget-wrapper\"><p class=\"raven-heading raven-heading-p\"><span class=\"raven-heading-title \">Una comunidad de aprendizaje orientada a formar profesionales de salud con coherencia biol\u00f3gica<\/span><\/p><\/div>\n\t\t\t\t\t\t<\/div>\n\t\t\t\t<\/div>\n\t\t\t\t<div class=\"elementor-element elementor-element-276ed3ad elementor-widget__width-initial elementor-widget elementor-widget-text-editor\" data-id=\"276ed3ad\" data-element_type=\"widget\" data-e-type=\"widget\" data-widget_type=\"text-editor.default\">\n\t\t\t\t<div class=\"elementor-widget-container\">\n\t\t\t\t\t\t\t\t\t<p>Tanto si ya tienes formaci\u00f3n previa, como si inicias desde cero, esta es tu comunidad. No te voy a mentir, aqu\u00ed profundizamos mucho y requerir\u00e1 de cierta dedicaci\u00f3n. Pero siempre a tu ritmo, lo que lo hace muy asequible a todos los escenarios.<\/p>\t\t\t\t\t\t\t\t<\/div>\n\t\t\t\t<\/div>\n\t\t\t\t<div class=\"elementor-element elementor-element-767d09a9 elementor-align-center elementor-widget elementor-widget-button\" data-id=\"767d09a9\" data-element_type=\"widget\" data-e-type=\"widget\" data-widget_type=\"button.default\">\n\t\t\t\t<div class=\"elementor-widget-container\">\n\t\t\t\t\t\t\t\t\t<div class=\"elementor-button-wrapper\">\n\t\t\t\t\t<a class=\"elementor-button elementor-button-link elementor-size-sm\" href=\"https:\/\/skool.com\/salud-biologica\" target=\"_blank\">\n\t\t\t\t\t\t<span class=\"elementor-button-content-wrapper\">\n\t\t\t\t\t\t\t\t\t<span class=\"elementor-button-text\">ACCEDE A LA COMUNIDAD DE APRENDIZAJE<\/span>\n\t\t\t\t\t<\/span>\n\t\t\t\t\t<\/a>\n\t\t\t\t<\/div>\n\t\t\t\t\t\t\t\t<\/div>\n\t\t\t\t<\/div>\n\t\t\t\t<div class=\"elementor-element elementor-element-e4cd3b0 elementor-widget elementor-widget-spacer\" data-id=\"e4cd3b0\" data-element_type=\"widget\" data-e-type=\"widget\" data-widget_type=\"spacer.default\">\n\t\t\t\t<div class=\"elementor-widget-container\">\n\t\t\t\t\t\t\t<div class=\"elementor-spacer\">\n\t\t\t<div class=\"elementor-spacer-inner\"><\/div>\n\t\t<\/div>\n\t\t\t\t\t\t<\/div>\n\t\t\t\t<\/div>\n\t\t\t\t\t<\/div>\n\t\t<\/div>\n\t\t\t\t\t<\/div>\n\t\t<\/section>\n\t\t\t\t<\/div>\n\t\t","protected":false},"excerpt":{"rendered":"<p>Tienes 3 modalidades de acceso Basic \u2013 Aprende a tu ritmo Accede sin coste a la Comunidad. Podr\u00e1s adquirir cada bloque formativo individualmente, a tu ritmo y en el orden que desees.Ideal si eres autodidacta y prefieres avanzar a tu propio ritmo. \ud83d\udce6 Incluye: &#8211; Acceso a la Comunidad de Salud Biol\u00f3gica. &#8211; Participaci\u00f3n en [&hellip;]<\/p>\n","protected":false},"author":1,"featured_media":0,"parent":0,"menu_order":0,"comment_status":"closed","ping_status":"closed","template":"elementor_header_footer","meta":{"_acf_changed":false,"footnotes":""},"class_list":["post-794","page","type-page","status-publish","hentry"],"acf":[],"_links":{"self":[{"href":"https:\/\/saludbiologica.com\/index.php?rest_route=\/wp\/v2\/pages\/794","targetHints":{"allow":["GET"]}}],"collection":[{"href":"https:\/\/saludbiologica.com\/index.php?rest_route=\/wp\/v2\/pages"}],"about":[{"href":"https:\/\/saludbiologica.com\/index.php?rest_route=\/wp\/v2\/types\/page"}],"author":[{"embeddable":true,"href":"https:\/\/saludbiologica.com\/index.php?rest_route=\/wp\/v2\/users\/1"}],"replies":[{"embeddable":true,"href":"https:\/\/saludbiologica.com\/index.php?rest_route=%2Fwp%2Fv2%2Fcomments&post=794"}],"version-history":[{"count":10,"href":"https:\/\/saludbiologica.com\/index.php?rest_route=\/wp\/v2\/pages\/794\/revisions"}],"predecessor-version":[{"id":832,"href":"https:\/\/saludbiologica.com\/index.php?rest_route=\/wp\/v2\/pages\/794\/revisions\/832"}],"wp:attachment":[{"href":"https:\/\/saludbiologica.com\/index.php?rest_route=%2Fwp%2Fv2%2Fmedia&parent=794"}],"curies":[{"name":"wp","href":"https:\/\/api.w.org\/{rel}","templated":true}]}}